{"id":78,"date":"2024-12-19T18:56:08","date_gmt":"2024-12-19T17:56:08","guid":{"rendered":"https:\/\/divjak.com.hr\/?page_id=78"},"modified":"2025-01-08T20:18:03","modified_gmt":"2025-01-08T19:18:03","slug":"pustaraski-cosak","status":"publish","type":"page","link":"https:\/\/korijeni-pustare.divjak.com.hr\/?page_id=78","title":{"rendered":"PUSTARA\u0160KI \u0106O\u0160AK"},"content":{"rendered":"\n<p>Projekt<strong> Pustara\u0161ki \u0107o\u0161ak<\/strong> &#8211; In situ Muzej na otvorenom ima vi\u0161emilijunsku predra\u010dunsku vrijednost u kunama, a s realizacijom se zapo\u010delo prije par godina. Financira se iz prihoda Udruge kroz prodaju monografije &#8220;Pustare ju\u017eno od Osijeka&#8221;, kroz razne donacije i suradnju sa <a href=\"https:\/\/www.opcina-antunovac.hr\/\" data-type=\"link\" data-id=\"https:\/\/www.opcina-antunovac.hr\/\" target=\"_blank\" rel=\"noreferrer noopener\">Op\u0107inom Antunovac<\/a>.<\/p>\n\n\n\n<figure class=\"wp-block-image aligncenter size-full is-resized\"><img loading=\"lazy\" decoding=\"async\" width=\"1024\" height=\"768\" src=\"https:\/\/korijeni-pustare.divjak.com.hr\/wp-content\/uploads\/2024\/12\/cosak_2_ciro.jpg\" alt=\"\" class=\"wp-image-57\" style=\"aspect-ratio:16\/9;object-fit:cover;width:800px\" srcset=\"https:\/\/korijeni-pustare.divjak.com.hr\/wp-content\/uploads\/2024\/12\/cosak_2_ciro.jpg 1024w, https:\/\/korijeni-pustare.divjak.com.hr\/wp-content\/uploads\/2024\/12\/cosak_2_ciro-300x225.jpg 300w, https:\/\/korijeni-pustare.divjak.com.hr\/wp-content\/uploads\/2024\/12\/cosak_2_ciro-768x576.jpg 768w\" sizes=\"auto, (max-width: 1024px) 100vw, 1024px\" \/><figcaption class=\"wp-element-caption\">Uskotra\u010dna pruga s postavljenom lokomotivom.<\/figcaption><\/figure>\n\n\n\n<p>Sredi\u0161nji dio muzeja bit \u0107e <strong>bunar <\/strong>(kao izvor \u017eivota) i <strong>\u0111eram<\/strong>, ina\u010de i prepoznatljiv logo Udruge. Na prednjem prostoru bit \u0107e postavljena <strong>uskotra\u010dna pruga<\/strong> sa replikama 6 razli\u010ditih vagona \u0161to su komunicirali na relacijama izme\u0111u pustara i tvornica. Eksponati muzeja bit \u0107e me\u0111usobno povezani stazama sa starom opekom, male cvjetne oaze bit \u0107e ispred raspela i na dijelu ispred zida te nekoliko klupa na adekvatnim pozicijama. Na vidnom dijelu u prostoru ispod sjenice stajat \u0107e imena tvrtki i pojedinaca koji \u0107e pomo\u0107i&nbsp; u izgradnji ovog projekta. Postavit \u0107e se <strong>raspelo i zvonik<\/strong>, simboli vjere, zatim <strong>replika kru\u0161ne pe\u0107i<\/strong>, koja ne\u0107e biti samo eksponat i simbolika hrane i blagostanja, ve\u0107 \u0107e&nbsp; imati i svoju upotrebnu funkciju.&nbsp;<\/p>\n\n\n\n<p>Najve\u0107i dio prostora cijelog projekta zauzima objekt <strong>sjenice<\/strong>, koja \u0107e imati vi\u0161enamjensku funkciju; prostor za okupljanje i dru\u017eenje, multimedijske prezentacije, edukacije, o\u010duvanje tradicije i kulturnih obi\u010daja pustare, koncerte, \u0161kole na otvorenom, ve\u010deri poezije, nastupe mladih neafirmiranih glazbenika itd. Neposredno uz sjenicu bit \u0107e postavljena replika skulpture <strong>crne slavonske svinje fajferice<\/strong>, a do sjenice bit \u0107e postavljen jedan od vizualno vrlo uo\u010dljivih eksponata \u2013 parni stroj, <strong>lokomobil<\/strong> (Hofherr &amp; Schrantz iz Be\u010da, pogon vr\u0161ilica, elektri\u010dnih generatora i pilana, &nbsp;a ponekad samo za proizvodnju pare).<\/p>\n\n\n\n<p>U uglu muzeja bit \u0107e ugao poru\u0161ene ku\u0107e s dva dijela o\u0161te\u0107enih zidova, na kojem \u0107e biti postavljeno \u0161est kamenih plo\u010da na kojima su uklesana imena <strong>120 <\/strong>pustara, povrh svega natpis \u201e<strong>Pustare<\/strong>\u201c, a ispod u podno\u017eju ugla na nako\u0161enom postamentu natpis u kamenu <strong>\u201eOstale su rane \u0161to nas bole, jo\u0161 nas ima onih \u0161to ju vole\u201c<\/strong>.&nbsp;<\/p>\n\n\n\n<h4 class=\"wp-block-heading has-text-align-center has-background\" style=\"background-color:#fcb9004a\">NAJVA\u017dNIJE JE USPOMENE O PUSTARAMA PRENIJETI NA MLADE !<\/h4>\n\n\n\n<p>Na povi\u0161enim elementima panel ograde u dijelu prema najbli\u017eem susjednom imanju bit&nbsp; \u0107e postavljen vjetropropusni <strong>panel s motivima pustare<\/strong> i da se motivom u nekoj udaljenoj perspektivi jo\u0161 jednom do\u010dara pustara. U&nbsp; neposrednoj blizini bunara bit \u0107e izlo\u017eena <strong>kamena kola mlina<\/strong>, izlo\u017eena&nbsp; na autenti\u010dnoj poziciji bio izgra\u0111en mlin.<\/p>\n\n\n\n<p>Na uglu do kamenih kola kao zadnja faza i zavr\u0161etak pri\u010de o pustarama bit \u0107e postavljen <strong>kandelabar<\/strong>, vidno o\u0161te\u0107en od neprijateljskog divljanja u Domovinskom ratu. U njemu \u0107e biti led osvjetljenje \u0161to \u0107e no\u0107u kroz rupe i o\u0161te\u0107enja ukazivati na sve strahote ratnog vihora. Rasvjeta kompletnog prostora bit \u0107e omogu\u0107ena led rasvjetom s nekoliko kandelabara, a neki eksponati&nbsp; \u0107e biti ja\u010de nazna\u010deni posebnom \u201eciljanom\u201c rasvjetom. Ovaj bi projekt pored onog povijesnog, kulturnog i edukativnog imao svakako i turisti\u010dki zna\u010daj.&nbsp;&nbsp;&nbsp;&nbsp;&nbsp;&nbsp;&nbsp;&nbsp;<\/p>\n\n\n\n<p><iframe loading=\"lazy\" style=\"border: 0;\" src=\"https:\/\/www.google.com\/maps\/embed?pb=!1m18!1m12!1m3!1d699.3422891365012!2d18.673002913265062!3d45.48251043919443!2m3!1f0!2f0!3f0!3m2!1i1024!2i768!4f13.1!3m3!1m2!1s0x475ce50055a911d3%3A0x6d6fbe0d82b74373!2zUHVzdGFyYcWha2kgxIdvxaFhaw!5e0!3m2!1sen!2shr!4v1734854867314!5m2!1sen!2shr\" width=\"100%\" height=\"450\" allowfullscreen=\"allowfullscreen\"><\/iframe><\/p>\n\n\n\n<hr class=\"wp-block-separator has-alpha-channel-opacity\"\/>\n\n\n\n<figure class=\"wp-block-embed aligncenter is-type-video is-provider-youtube wp-block-embed-youtube wp-embed-aspect-16-9 wp-has-aspect-ratio\"><div class=\"wp-block-embed__wrapper\">\n<iframe loading=\"lazy\" title=\"\u201ePustara\u0161ki \u0107o\u0161ak\u201c u Antunovcu spa\u0161ava pustare od zaborava, a bit \u0107e i turisti\u010dki mamac\" width=\"500\" height=\"281\" src=\"https:\/\/www.youtube.com\/embed\/rxduhnV_gt8?feature=oembed\" frameborder=\"0\" allow=\"accelerometer; autoplay; clipboard-write; encrypted-media; gyroscope; picture-in-picture; web-share\" referrerpolicy=\"strict-origin-when-cross-origin\" allowfullscreen><\/iframe>\n<\/div><\/figure>\n\n\n\n<details class=\"wp-block-details is-layout-flow wp-block-details-is-layout-flow\"><summary>SLAVONSKA TELEVIZIJA &#8211; objavljeno 9. listopada 2024.<\/summary>\n<p><\/p>\n<\/details>\n","protected":false},"excerpt":{"rendered":"<p>Projekt Pustara\u0161ki \u0107o\u0161ak &#8211; In situ Muzej na otvorenom ima vi\u0161emilijunsku predra\u010dunsku vrijednost u kunama, a s realizacijom se zapo\u010delo prije par godina. Financira se iz prihoda Udruge kroz prodaju monografije &#8220;Pustare ju\u017eno od Osijeka&#8221;, kroz razne donacije i suradnju sa Op\u0107inom Antunovac. Sredi\u0161nji dio muzeja bit \u0107e bunar (kao izvor \u017eivota) i \u0111eram, ina\u010de [&hellip;]<\/p>\n","protected":false},"author":1,"featured_media":57,"parent":0,"menu_order":0,"comment_status":"closed","ping_status":"closed","template":"","meta":{"footnotes":""},"class_list":["post-78","page","type-page","status-publish","has-post-thumbnail","hentry"],"_links":{"self":[{"href":"https:\/\/korijeni-pustare.divjak.com.hr\/index.php?rest_route=\/wp\/v2\/pages\/78","targetHints":{"allow":["GET"]}}],"collection":[{"href":"https:\/\/korijeni-pustare.divjak.com.hr\/index.php?rest_route=\/wp\/v2\/pages"}],"about":[{"href":"https:\/\/korijeni-pustare.divjak.com.hr\/index.php?rest_route=\/wp\/v2\/types\/page"}],"author":[{"embeddable":true,"href":"https:\/\/korijeni-pustare.divjak.com.hr\/index.php?rest_route=\/wp\/v2\/users\/1"}],"replies":[{"embeddable":true,"href":"https:\/\/korijeni-pustare.divjak.com.hr\/index.php?rest_route=%2Fwp%2Fv2%2Fcomments&post=78"}],"version-history":[{"count":9,"href":"https:\/\/korijeni-pustare.divjak.com.hr\/index.php?rest_route=\/wp\/v2\/pages\/78\/revisions"}],"predecessor-version":[{"id":205,"href":"https:\/\/korijeni-pustare.divjak.com.hr\/index.php?rest_route=\/wp\/v2\/pages\/78\/revisions\/205"}],"wp:featuredmedia":[{"embeddable":true,"href":"https:\/\/korijeni-pustare.divjak.com.hr\/index.php?rest_route=\/wp\/v2\/media\/57"}],"wp:attachment":[{"href":"https:\/\/korijeni-pustare.divjak.com.hr\/index.php?rest_route=%2Fwp%2Fv2%2Fmedia&parent=78"}],"curies":[{"name":"wp","href":"https:\/\/api.w.org\/{rel}","templated":true}]}}