{"id":63,"date":"2024-12-11T18:18:49","date_gmt":"2024-12-11T17:18:49","guid":{"rendered":"https:\/\/divjak.com.hr\/?page_id=63"},"modified":"2024-12-22T09:26:37","modified_gmt":"2024-12-22T08:26:37","slug":"monografija","status":"publish","type":"page","link":"https:\/\/korijeni-pustare.divjak.com.hr\/?page_id=63","title":{"rendered":"Monografija &#8220;PUSTARE JU\u017dNO OD OSIJEKA&#8221;"},"content":{"rendered":"\n<p>U Hrvatskom domu u Antunovcu ju\u010der je odr\u017eana promocija knjige&nbsp;<strong>\u201ePustare ju\u017eno od Osijeka\u201c<\/strong>&nbsp;koja je izazvala veliko zanimanje javnosti. Knjigu koja je stvarana gotovo punih&nbsp;<strong>osam&nbsp;<\/strong>godina predstavili su autori Ivan Kastel i Branko Vadlja te dr. sc. Mladen Radi\u0107, a njezinih 368 stranica bogato je ispunjeno brojnim fotografijama, povijesnim dokumentima i sje\u0107anjima. Sve prihode od prodaje knjige udruga \u201eKorijeni pustare\u201c usmjerit \u0107e za ostvarenje projekta&nbsp;<strong>\u201ePustara\u0161ki \u0107o\u0161ak\u201d<\/strong>, a svoj primjerak mo\u017eete kupiti u Osijeku u knji\u017eari&nbsp;<a href=\"https:\/\/www.knjizaranova.hr\/knjige\/pustare-juno-od-osijeka\" target=\"_blank\" rel=\"noreferrer noopener\">Nova<\/a>.<\/p>\n\n\n\n<div class=\"wp-block-columns is-layout-flex wp-container-core-columns-is-layout-28f84493 wp-block-columns-is-layout-flex\">\n<div class=\"wp-block-column is-layout-flow wp-block-column-is-layout-flow\">\n<figure class=\"wp-block-image size-full\"><img loading=\"lazy\" decoding=\"async\" width=\"593\" height=\"850\" src=\"https:\/\/korijeni-pustare.divjak.com.hr\/wp-content\/uploads\/2024\/12\/kp-naslovna3.jpg\" alt=\"\" class=\"wp-image-60\" style=\"aspect-ratio:1;object-fit:contain\" srcset=\"https:\/\/korijeni-pustare.divjak.com.hr\/wp-content\/uploads\/2024\/12\/kp-naslovna3.jpg 593w, https:\/\/korijeni-pustare.divjak.com.hr\/wp-content\/uploads\/2024\/12\/kp-naslovna3-209x300.jpg 209w\" sizes=\"auto, (max-width: 593px) 100vw, 593px\" \/><\/figure>\n<\/div>\n\n\n\n<div class=\"wp-block-column is-layout-flow wp-block-column-is-layout-flow\">\n<p><strong>SADR\u017dAJ:<\/strong><\/p>\n\n\n\n<ul class=\"wp-block-list\">\n<li>Iz recenzije<\/li>\n\n\n\n<li>Predgovor<\/li>\n\n\n\n<li>Kako su \u017eivjele i nastale pustare<\/li>\n\n\n\n<li>POVIJEST<\/li>\n\n\n\n<li>PRVI SVJETSKI RAT<\/li>\n\n\n\n<li>GOSPODARSTVO<\/li>\n\n\n\n<li>ZLATNO DOBA<\/li>\n\n\n\n<li>DRUGI SVJETSKI RAT<\/li>\n\n\n\n<li>PUSTARE OD 1945. -1960. GODINE<\/li>\n\n\n\n<li>\u017dIVOTNI PUT PUSTARA\u0160A<\/li>\n\n\n\n<li>SPORT<\/li>\n\n\n\n<li>DOMOVINSKI RAT<\/li>\n\n\n\n<li>\u017dIVJELI NA PUSTARAMA (zabilje\u017eeno prema sje\u0107anju)<\/li>\n<\/ul>\n<\/div>\n<\/div>\n\n\n\n<p class=\"has-text-align-center\">Monografiju mo\u017eete kupiti u&nbsp;<a href=\"https:\/\/www.knjizaranova.hr\/knjige\/pustare-juno-od-osijeka\" target=\"_blank\" rel=\"noreferrer noopener\">KNJI\u017dARA NOVA<\/a>&nbsp;!<\/p>\n\n\n\n<figure class=\"wp-block-gallery has-nested-images columns-2 is-cropped wp-block-gallery-1 is-layout-flex wp-block-gallery-is-layout-flex\">\n<figure class=\"wp-block-image size-large\"><img loading=\"lazy\" decoding=\"async\" width=\"1024\" height=\"682\" data-id=\"132\" src=\"https:\/\/korijeni-pustare.divjak.com.hr\/wp-content\/uploads\/2024\/12\/promo_3-1024x682.jpg\" alt=\"\" class=\"wp-image-132\" srcset=\"https:\/\/korijeni-pustare.divjak.com.hr\/wp-content\/uploads\/2024\/12\/promo_3-1024x682.jpg 1024w, https:\/\/korijeni-pustare.divjak.com.hr\/wp-content\/uploads\/2024\/12\/promo_3-300x200.jpg 300w, https:\/\/korijeni-pustare.divjak.com.hr\/wp-content\/uploads\/2024\/12\/promo_3-768x512.jpg 768w, https:\/\/korijeni-pustare.divjak.com.hr\/wp-content\/uploads\/2024\/12\/promo_3-1536x1023.jpg 1536w, https:\/\/korijeni-pustare.divjak.com.hr\/wp-content\/uploads\/2024\/12\/promo_3.jpg 1600w\" sizes=\"auto, (max-width: 1024px) 100vw, 1024px\" \/><\/figure>\n\n\n\n<figure class=\"wp-block-image size-large\"><img loading=\"lazy\" decoding=\"async\" width=\"1024\" height=\"683\" data-id=\"128\" src=\"https:\/\/korijeni-pustare.divjak.com.hr\/wp-content\/uploads\/2024\/12\/promo_4-1024x683.jpg\" alt=\"\" class=\"wp-image-128\" srcset=\"https:\/\/korijeni-pustare.divjak.com.hr\/wp-content\/uploads\/2024\/12\/promo_4-1024x683.jpg 1024w, https:\/\/korijeni-pustare.divjak.com.hr\/wp-content\/uploads\/2024\/12\/promo_4-300x200.jpg 300w, https:\/\/korijeni-pustare.divjak.com.hr\/wp-content\/uploads\/2024\/12\/promo_4-768x512.jpg 768w, https:\/\/korijeni-pustare.divjak.com.hr\/wp-content\/uploads\/2024\/12\/promo_4-1536x1024.jpg 1536w, https:\/\/korijeni-pustare.divjak.com.hr\/wp-content\/uploads\/2024\/12\/promo_4.jpg 2048w\" sizes=\"auto, (max-width: 1024px) 100vw, 1024px\" \/><\/figure>\n\n\n\n<figure class=\"wp-block-image size-large\"><img loading=\"lazy\" decoding=\"async\" width=\"1024\" height=\"683\" data-id=\"131\" src=\"https:\/\/korijeni-pustare.divjak.com.hr\/wp-content\/uploads\/2024\/12\/promo_2-1024x683.jpg\" alt=\"\" class=\"wp-image-131\" srcset=\"https:\/\/korijeni-pustare.divjak.com.hr\/wp-content\/uploads\/2024\/12\/promo_2-1024x683.jpg 1024w, https:\/\/korijeni-pustare.divjak.com.hr\/wp-content\/uploads\/2024\/12\/promo_2-300x200.jpg 300w, https:\/\/korijeni-pustare.divjak.com.hr\/wp-content\/uploads\/2024\/12\/promo_2-768x512.jpg 768w, https:\/\/korijeni-pustare.divjak.com.hr\/wp-content\/uploads\/2024\/12\/promo_2-1536x1024.jpg 1536w, https:\/\/korijeni-pustare.divjak.com.hr\/wp-content\/uploads\/2024\/12\/promo_2.jpg 2048w\" sizes=\"auto, (max-width: 1024px) 100vw, 1024px\" \/><\/figure>\n\n\n\n<figure class=\"wp-block-image size-large\"><img loading=\"lazy\" decoding=\"async\" width=\"1024\" height=\"682\" data-id=\"130\" src=\"https:\/\/korijeni-pustare.divjak.com.hr\/wp-content\/uploads\/2024\/12\/promo_6-1024x682.jpg\" alt=\"\" class=\"wp-image-130\" srcset=\"https:\/\/korijeni-pustare.divjak.com.hr\/wp-content\/uploads\/2024\/12\/promo_6-1024x682.jpg 1024w, https:\/\/korijeni-pustare.divjak.com.hr\/wp-content\/uploads\/2024\/12\/promo_6-300x200.jpg 300w, https:\/\/korijeni-pustare.divjak.com.hr\/wp-content\/uploads\/2024\/12\/promo_6-768x512.jpg 768w, https:\/\/korijeni-pustare.divjak.com.hr\/wp-content\/uploads\/2024\/12\/promo_6-1536x1023.jpg 1536w, https:\/\/korijeni-pustare.divjak.com.hr\/wp-content\/uploads\/2024\/12\/promo_6.jpg 1600w\" sizes=\"auto, (max-width: 1024px) 100vw, 1024px\" \/><\/figure>\n\n\n\n<figure class=\"wp-block-image size-large\"><img loading=\"lazy\" decoding=\"async\" width=\"1024\" height=\"682\" data-id=\"127\" src=\"https:\/\/korijeni-pustare.divjak.com.hr\/wp-content\/uploads\/2024\/12\/promo_1-1024x682.jpg\" alt=\"\" class=\"wp-image-127\" srcset=\"https:\/\/korijeni-pustare.divjak.com.hr\/wp-content\/uploads\/2024\/12\/promo_1-1024x682.jpg 1024w, https:\/\/korijeni-pustare.divjak.com.hr\/wp-content\/uploads\/2024\/12\/promo_1-300x200.jpg 300w, https:\/\/korijeni-pustare.divjak.com.hr\/wp-content\/uploads\/2024\/12\/promo_1-768x512.jpg 768w, https:\/\/korijeni-pustare.divjak.com.hr\/wp-content\/uploads\/2024\/12\/promo_1-1536x1023.jpg 1536w, https:\/\/korijeni-pustare.divjak.com.hr\/wp-content\/uploads\/2024\/12\/promo_1.jpg 1600w\" sizes=\"auto, (max-width: 1024px) 100vw, 1024px\" \/><\/figure>\n\n\n\n<figure class=\"wp-block-image size-large\"><img loading=\"lazy\" decoding=\"async\" width=\"1024\" height=\"682\" data-id=\"129\" src=\"https:\/\/korijeni-pustare.divjak.com.hr\/wp-content\/uploads\/2024\/12\/promo_5-1024x682.jpg\" alt=\"\" class=\"wp-image-129\" srcset=\"https:\/\/korijeni-pustare.divjak.com.hr\/wp-content\/uploads\/2024\/12\/promo_5-1024x682.jpg 1024w, https:\/\/korijeni-pustare.divjak.com.hr\/wp-content\/uploads\/2024\/12\/promo_5-300x200.jpg 300w, https:\/\/korijeni-pustare.divjak.com.hr\/wp-content\/uploads\/2024\/12\/promo_5-768x512.jpg 768w, https:\/\/korijeni-pustare.divjak.com.hr\/wp-content\/uploads\/2024\/12\/promo_5-1536x1023.jpg 1536w, https:\/\/korijeni-pustare.divjak.com.hr\/wp-content\/uploads\/2024\/12\/promo_5.jpg 1600w\" sizes=\"auto, (max-width: 1024px) 100vw, 1024px\" \/><\/figure>\n<\/figure>\n","protected":false},"excerpt":{"rendered":"<p>U Hrvatskom domu u Antunovcu ju\u010der je odr\u017eana promocija knjige&nbsp;\u201ePustare ju\u017eno od Osijeka\u201c&nbsp;koja je izazvala veliko zanimanje javnosti. Knjigu koja je stvarana gotovo punih&nbsp;osam&nbsp;godina predstavili su autori Ivan Kastel i Branko Vadlja te dr. sc. Mladen Radi\u0107, a njezinih 368 stranica bogato je ispunjeno brojnim fotografijama, povijesnim dokumentima i sje\u0107anjima. Sve prihode od prodaje knjige [&hellip;]<\/p>\n","protected":false},"author":1,"featured_media":0,"parent":0,"menu_order":0,"comment_status":"closed","ping_status":"closed","template":"","meta":{"footnotes":""},"class_list":["post-63","page","type-page","status-publish","hentry"],"_links":{"self":[{"href":"https:\/\/korijeni-pustare.divjak.com.hr\/index.php?rest_route=\/wp\/v2\/pages\/63","targetHints":{"allow":["GET"]}}],"collection":[{"href":"https:\/\/korijeni-pustare.divjak.com.hr\/index.php?rest_route=\/wp\/v2\/pages"}],"about":[{"href":"https:\/\/korijeni-pustare.divjak.com.hr\/index.php?rest_route=\/wp\/v2\/types\/page"}],"author":[{"embeddable":true,"href":"https:\/\/korijeni-pustare.divjak.com.hr\/index.php?rest_route=\/wp\/v2\/users\/1"}],"replies":[{"embeddable":true,"href":"https:\/\/korijeni-pustare.divjak.com.hr\/index.php?rest_route=%2Fwp%2Fv2%2Fcomments&post=63"}],"version-history":[{"count":8,"href":"https:\/\/korijeni-pustare.divjak.com.hr\/index.php?rest_route=\/wp\/v2\/pages\/63\/revisions"}],"predecessor-version":[{"id":168,"href":"https:\/\/korijeni-pustare.divjak.com.hr\/index.php?rest_route=\/wp\/v2\/pages\/63\/revisions\/168"}],"wp:attachment":[{"href":"https:\/\/korijeni-pustare.divjak.com.hr\/index.php?rest_route=%2Fwp%2Fv2%2Fmedia&parent=63"}],"curies":[{"name":"wp","href":"https:\/\/api.w.org\/{rel}","templated":true}]}}