{"id":363,"date":"2025-01-08T19:50:10","date_gmt":"2025-01-08T18:50:10","guid":{"rendered":"https:\/\/korijeni-pustare.divjak.com.hr\/?page_id=363"},"modified":"2025-01-08T19:57:42","modified_gmt":"2025-01-08T18:57:42","slug":"donacije","status":"publish","type":"page","link":"https:\/\/korijeni-pustare.divjak.com.hr\/?page_id=363","title":{"rendered":"DONACIJE"},"content":{"rendered":"\n<h1 class=\"wp-block-heading\"><strong>Podr\u017eite na\u0161u udrugu \u2013 Va\u0161 doprinos mo\u017ee napraviti razliku!<\/strong><\/h1>\n\n\n\n<hr class=\"wp-block-separator has-alpha-channel-opacity\"\/>\n\n\n\n<p>Dragi prijatelji,<\/p>\n\n\n\n<p>da bismo nastavili s na\u0161im radom i ostvarili sve planirane projekte, potrebna nam je va\u0161a pomo\u0107. Svaka donacija, bez obzira na iznos, mo\u017ee imati veliki utjecaj i pomo\u0107i nam da ostvarimo na\u0161e ciljeve.<\/p>\n\n\n\n<h1 class=\"wp-block-heading\"><strong>Kako mo\u017eete pomo\u0107i ?<\/strong><\/h1>\n\n\n\n<p><strong>Nov\u010dana donacija\u00a0<\/strong>\u2013 Putem na\u0161eg ra\u010duna [IBAN: xxxxxxxxxxx] mo\u017eete donirati bilo koji iznos. Va\u0161a donacija \u0107e biti usmjerena prema [navesti konkretan projekt ili svrhu prikupljanja sredstava].<\/p>\n\n\n\n<p><strong>Dobrovoljno anga\u017eiranje<\/strong>\u00a0\u2013 Ukoliko \u017eelite biti aktivni \u010dlan na\u0161e zajednice, pozivamo vas da se pridru\u017eite na\u0161im volonterima. Poma\u017eu\u0107i nam, ne samo da \u0107ete doprinijeti na\u0161im ciljevima, ve\u0107 i ste\u0107i nova prijateljstva.<\/p>\n\n\n\n<p><strong>Dijeljenje informacija<\/strong>\u00a0\u2013 Pomo\u0107 mo\u017eete pru\u017eiti i \u0161irenjem informacije o na\u0161oj udruzi me\u0111u svojim prijateljima i obitelji. Svaka rije\u010d mo\u017ee donijeti nove podr\u017eavatelje i donatore.<\/p>\n\n\n\n<hr class=\"wp-block-separator has-alpha-channel-opacity\"\/>\n\n\n\n<h1 class=\"wp-block-heading\"><strong>Zajedno mo\u017eemo raditi na stvaranju pozitivnih promjena u na\u0161oj zajednici !<\/strong><\/h1>\n\n\n\n<hr class=\"wp-block-separator has-alpha-channel-opacity\"\/>\n\n\n\n<p>Zahvaljujemo vam na va\u0161em vremenu i podr\u0161ci.<\/p>\n\n\n\n<p>Predsjednica Udruge<br>Kristina Delali\u0107 Vetengl<\/p>\n","protected":false},"excerpt":{"rendered":"<p>Podr\u017eite na\u0161u udrugu \u2013 Va\u0161 doprinos mo\u017ee napraviti razliku! Dragi prijatelji, da bismo nastavili s na\u0161im radom i ostvarili sve planirane projekte, potrebna nam je va\u0161a pomo\u0107. Svaka donacija, bez obzira na iznos, mo\u017ee imati veliki utjecaj i pomo\u0107i nam da ostvarimo na\u0161e ciljeve. Kako mo\u017eete pomo\u0107i ? Nov\u010dana donacija\u00a0\u2013 Putem na\u0161eg ra\u010duna [IBAN: xxxxxxxxxxx] [&hellip;]<\/p>\n","protected":false},"author":1,"featured_media":0,"parent":0,"menu_order":0,"comment_status":"closed","ping_status":"closed","template":"","meta":{"footnotes":""},"class_list":["post-363","page","type-page","status-publish","hentry"],"_links":{"self":[{"href":"https:\/\/korijeni-pustare.divjak.com.hr\/index.php?rest_route=\/wp\/v2\/pages\/363","targetHints":{"allow":["GET"]}}],"collection":[{"href":"https:\/\/korijeni-pustare.divjak.com.hr\/index.php?rest_route=\/wp\/v2\/pages"}],"about":[{"href":"https:\/\/korijeni-pustare.divjak.com.hr\/index.php?rest_route=\/wp\/v2\/types\/page"}],"author":[{"embeddable":true,"href":"https:\/\/korijeni-pustare.divjak.com.hr\/index.php?rest_route=\/wp\/v2\/users\/1"}],"replies":[{"embeddable":true,"href":"https:\/\/korijeni-pustare.divjak.com.hr\/index.php?rest_route=%2Fwp%2Fv2%2Fcomments&post=363"}],"version-history":[{"count":3,"href":"https:\/\/korijeni-pustare.divjak.com.hr\/index.php?rest_route=\/wp\/v2\/pages\/363\/revisions"}],"predecessor-version":[{"id":368,"href":"https:\/\/korijeni-pustare.divjak.com.hr\/index.php?rest_route=\/wp\/v2\/pages\/363\/revisions\/368"}],"wp:attachment":[{"href":"https:\/\/korijeni-pustare.divjak.com.hr\/index.php?rest_route=%2Fwp%2Fv2%2Fmedia&parent=363"}],"curies":[{"name":"wp","href":"https:\/\/api.w.org\/{rel}","templated":true}]}}