{"id":235,"date":"2024-12-22T18:20:13","date_gmt":"2024-12-22T17:20:13","guid":{"rendered":"https:\/\/korijeni-pustare.divjak.com.hr\/?page_id=235"},"modified":"2024-12-22T18:21:23","modified_gmt":"2024-12-22T17:21:23","slug":"biciklijade","status":"publish","type":"page","link":"https:\/\/korijeni-pustare.divjak.com.hr\/?page_id=235","title":{"rendered":"BICIKLIJADE"},"content":{"rendered":"\n<div class=\"wp-block-query is-layout-flow wp-block-query-is-layout-flow\"><ul class=\"wp-block-post-template is-layout-flow wp-block-post-template-is-layout-flow\"><li class=\"wp-block-post post-11 post type-post status-publish format-standard has-post-thumbnail hentry category-biciklijade tag-9 tag-biciklijada tag-tragom-pustara\">\n\n<div class=\"wp-block-columns alignwide is-layout-flex wp-container-core-columns-is-layout-28f84493 wp-block-columns-is-layout-flex\">\n<div class=\"wp-block-column is-layout-flow wp-block-column-is-layout-flow\" style=\"flex-basis:50%\"><figure style=\"aspect-ratio:16\/9;\" class=\"wp-block-post-featured-image\"><a href=\"https:\/\/korijeni-pustare.divjak.com.hr\/?p=11\" target=\"_self\"  ><img loading=\"lazy\" decoding=\"async\" width=\"2560\" height=\"1707\" src=\"https:\/\/korijeni-pustare.divjak.com.hr\/wp-content\/uploads\/2024\/05\/shane-young-sTzkZNyYIsg-unsplash-scaled.jpg\" class=\"has-border-color has-custom-color-2-border-color wp-post-image\" alt=\"10. BICIKLIJADA &#8220;TRAGOM PUSTARA&#8221;\" style=\"border-width:1px;width:100%;height:100%;object-fit:cover;\" srcset=\"https:\/\/korijeni-pustare.divjak.com.hr\/wp-content\/uploads\/2024\/05\/shane-young-sTzkZNyYIsg-unsplash-scaled.jpg 2560w, https:\/\/korijeni-pustare.divjak.com.hr\/wp-content\/uploads\/2024\/05\/shane-young-sTzkZNyYIsg-unsplash-300x200.jpg 300w, https:\/\/korijeni-pustare.divjak.com.hr\/wp-content\/uploads\/2024\/05\/shane-young-sTzkZNyYIsg-unsplash-1024x683.jpg 1024w, https:\/\/korijeni-pustare.divjak.com.hr\/wp-content\/uploads\/2024\/05\/shane-young-sTzkZNyYIsg-unsplash-768x512.jpg 768w, https:\/\/korijeni-pustare.divjak.com.hr\/wp-content\/uploads\/2024\/05\/shane-young-sTzkZNyYIsg-unsplash-1536x1024.jpg 1536w, https:\/\/korijeni-pustare.divjak.com.hr\/wp-content\/uploads\/2024\/05\/shane-young-sTzkZNyYIsg-unsplash-2048x1365.jpg 2048w\" sizes=\"auto, (max-width: 2560px) 100vw, 2560px\" \/><\/a><\/figure><\/div>\n\n\n\n<div class=\"wp-block-column is-layout-flow wp-block-column-is-layout-flow\" style=\"flex-basis:50%\"><h2 class=\"wp-block-post-title\"><a href=\"https:\/\/korijeni-pustare.divjak.com.hr\/?p=11\" target=\"_self\" >10. BICIKLIJADA &#8220;TRAGOM PUSTARA&#8221;<\/a><\/h2>\n\n<div class=\"wp-block-post-date\"><time datetime=\"2024-05-10T09:21:23+02:00\">2024-05-10<\/time><\/div>\n\n<div class=\"wp-block-post-excerpt\"><p class=\"wp-block-post-excerpt__excerpt\">2024. godine odr\u017eana je jubilarna 10. biciklijada TRAGOM PUSTARA.<\/p><p class=\"wp-block-post-excerpt__more-text\"><a class=\"wp-block-post-excerpt__more-link\" href=\"https:\/\/korijeni-pustare.divjak.com.hr\/?p=11\">Op\u0161irnije<\/a><\/p><\/div><\/div>\n<\/div>\n\n<\/li><li class=\"wp-block-post post-117 post type-post status-publish format-standard has-post-thumbnail hentry category-biciklijade tag-11 tag-biciklijada tag-tragom-pustara\">\n\n<div class=\"wp-block-columns alignwide is-layout-flex wp-container-core-columns-is-layout-28f84493 wp-block-columns-is-layout-flex\">\n<div class=\"wp-block-column is-layout-flow wp-block-column-is-layout-flow\" style=\"flex-basis:50%\"><figure style=\"aspect-ratio:16\/9;\" class=\"wp-block-post-featured-image\"><a href=\"https:\/\/korijeni-pustare.divjak.com.hr\/?p=117\" target=\"_self\"  ><img loading=\"lazy\" decoding=\"async\" width=\"2560\" height=\"1707\" src=\"https:\/\/korijeni-pustare.divjak.com.hr\/wp-content\/uploads\/2024\/05\/shane-young-sTzkZNyYIsg-unsplash-scaled.jpg\" class=\"has-border-color has-custom-color-2-border-color wp-post-image\" alt=\"9. BICIKLIJADA &#8220;TRAGOM PUSTARA&#8221;\" style=\"border-width:1px;width:100%;height:100%;object-fit:cover;\" srcset=\"https:\/\/korijeni-pustare.divjak.com.hr\/wp-content\/uploads\/2024\/05\/shane-young-sTzkZNyYIsg-unsplash-scaled.jpg 2560w, https:\/\/korijeni-pustare.divjak.com.hr\/wp-content\/uploads\/2024\/05\/shane-young-sTzkZNyYIsg-unsplash-300x200.jpg 300w, https:\/\/korijeni-pustare.divjak.com.hr\/wp-content\/uploads\/2024\/05\/shane-young-sTzkZNyYIsg-unsplash-1024x683.jpg 1024w, https:\/\/korijeni-pustare.divjak.com.hr\/wp-content\/uploads\/2024\/05\/shane-young-sTzkZNyYIsg-unsplash-768x512.jpg 768w, https:\/\/korijeni-pustare.divjak.com.hr\/wp-content\/uploads\/2024\/05\/shane-young-sTzkZNyYIsg-unsplash-1536x1024.jpg 1536w, https:\/\/korijeni-pustare.divjak.com.hr\/wp-content\/uploads\/2024\/05\/shane-young-sTzkZNyYIsg-unsplash-2048x1365.jpg 2048w\" sizes=\"auto, (max-width: 2560px) 100vw, 2560px\" \/><\/a><\/figure><\/div>\n\n\n\n<div class=\"wp-block-column is-layout-flow wp-block-column-is-layout-flow\" style=\"flex-basis:50%\"><h2 class=\"wp-block-post-title\"><a href=\"https:\/\/korijeni-pustare.divjak.com.hr\/?p=117\" target=\"_self\" >9. BICIKLIJADA &#8220;TRAGOM PUSTARA&#8221;<\/a><\/h2>\n\n<div class=\"wp-block-post-date\"><time datetime=\"2023-05-13T02:00:02+02:00\">2023-05-13<\/time><\/div>\n\n<div class=\"wp-block-post-excerpt\"><p class=\"wp-block-post-excerpt__excerpt\">U subotu, 13. svibnja 2023. godine, udruga \u201cKorijeni pustare\u201d organizira devetu rekreativno-edukativnu biciklijadu \u201cTragom pustara\u201d u spomen na nestale pustare. Planirana ruta kre\u0107e iz Osijeka, ispred murala posve\u0107enog Pustarama u Trpimirovoj ulici, ju\u017eno od grada, preko Gacke ulice, Vinkova\u010dke ceste, Brijesta, Josipinog Dvora, Antunovca, Ivanovca, ostataka utvrde Kolo\u0111var, te povratka u Antunovac i Sala\u0161 poziciju<\/p><p class=\"wp-block-post-excerpt__more-text\"><a class=\"wp-block-post-excerpt__more-link\" href=\"https:\/\/korijeni-pustare.divjak.com.hr\/?p=117\">Op\u0161irnije<\/a><\/p><\/div><\/div>\n<\/div>\n\n<\/li><li class=\"wp-block-post post-288 post type-post status-publish format-standard has-post-thumbnail hentry category-biciklijade category-iz-medija-o-nama tag-11 tag-biciklijada tag-osjecki-hr tag-tragom-pustara\">\n\n<div class=\"wp-block-columns alignwide is-layout-flex wp-container-core-columns-is-layout-28f84493 wp-block-columns-is-layout-flex\">\n<div class=\"wp-block-column is-layout-flow wp-block-column-is-layout-flow\" style=\"flex-basis:50%\"><figure style=\"aspect-ratio:16\/9;\" class=\"wp-block-post-featured-image\"><a href=\"https:\/\/korijeni-pustare.divjak.com.hr\/?p=288\" target=\"_self\"  ><img loading=\"lazy\" decoding=\"async\" width=\"744\" height=\"306\" src=\"https:\/\/korijeni-pustare.divjak.com.hr\/wp-content\/uploads\/2024\/12\/2024-04-18-Osjecki-hr-capture2.jpg\" class=\"has-border-color has-custom-color-2-border-color wp-post-image\" alt=\"OSJE\u010cKI.HR &#8211; TRAGOM PUSTARA &#8211; SA ZADNJICOM NA SICU I KOBASICOM U D\u017dEPU\" style=\"border-width:1px;width:100%;height:100%;object-fit:cover;\" srcset=\"https:\/\/korijeni-pustare.divjak.com.hr\/wp-content\/uploads\/2024\/12\/2024-04-18-Osjecki-hr-capture2.jpg 744w, https:\/\/korijeni-pustare.divjak.com.hr\/wp-content\/uploads\/2024\/12\/2024-04-18-Osjecki-hr-capture2-300x123.jpg 300w\" sizes=\"auto, (max-width: 744px) 100vw, 744px\" \/><\/a><\/figure><\/div>\n\n\n\n<div class=\"wp-block-column is-layout-flow wp-block-column-is-layout-flow\" style=\"flex-basis:50%\"><h2 class=\"wp-block-post-title\"><a href=\"https:\/\/korijeni-pustare.divjak.com.hr\/?p=288\" target=\"_self\" >OSJE\u010cKI.HR &#8211; TRAGOM PUSTARA &#8211; SA ZADNJICOM NA SICU I KOBASICOM U D\u017dEPU<\/a><\/h2>\n\n<div class=\"wp-block-post-date\"><time datetime=\"2023-04-18T00:29:28+02:00\">2023-04-18<\/time><\/div>\n\n<div class=\"wp-block-post-excerpt\"><p class=\"wp-block-post-excerpt__excerpt\">Odr\u017eana je 9. ta biciklijada TRAGOM PUSTARA<\/p><p class=\"wp-block-post-excerpt__more-text\"><a class=\"wp-block-post-excerpt__more-link\" href=\"https:\/\/korijeni-pustare.divjak.com.hr\/?p=288\">Op\u0161irnije<\/a><\/p><\/div><\/div>\n<\/div>\n\n<\/li><\/ul><\/div>\n","protected":false},"excerpt":{"rendered":"","protected":false},"author":1,"featured_media":0,"parent":0,"menu_order":0,"comment_status":"closed","ping_status":"closed","template":"","meta":{"footnotes":""},"class_list":["post-235","page","type-page","status-publish","hentry"],"_links":{"self":[{"href":"https:\/\/korijeni-pustare.divjak.com.hr\/index.php?rest_route=\/wp\/v2\/pages\/235","targetHints":{"allow":["GET"]}}],"collection":[{"href":"https:\/\/korijeni-pustare.divjak.com.hr\/index.php?rest_route=\/wp\/v2\/pages"}],"about":[{"href":"https:\/\/korijeni-pustare.divjak.com.hr\/index.php?rest_route=\/wp\/v2\/types\/page"}],"author":[{"embeddable":true,"href":"https:\/\/korijeni-pustare.divjak.com.hr\/index.php?rest_route=\/wp\/v2\/users\/1"}],"replies":[{"embeddable":true,"href":"https:\/\/korijeni-pustare.divjak.com.hr\/index.php?rest_route=%2Fwp%2Fv2%2Fcomments&post=235"}],"version-history":[{"count":2,"href":"https:\/\/korijeni-pustare.divjak.com.hr\/index.php?rest_route=\/wp\/v2\/pages\/235\/revisions"}],"predecessor-version":[{"id":238,"href":"https:\/\/korijeni-pustare.divjak.com.hr\/index.php?rest_route=\/wp\/v2\/pages\/235\/revisions\/238"}],"wp:attachment":[{"href":"https:\/\/korijeni-pustare.divjak.com.hr\/index.php?rest_route=%2Fwp%2Fv2%2Fmedia&parent=235"}],"curies":[{"name":"wp","href":"https:\/\/api.w.org\/{rel}","templated":true}]}}