{"id":170,"date":"2024-12-22T09:39:19","date_gmt":"2024-12-22T08:39:19","guid":{"rendered":"https:\/\/korijeni-pustare.divjak.com.hr\/?page_id=170"},"modified":"2024-12-22T18:48:37","modified_gmt":"2024-12-22T17:48:37","slug":"mediji","status":"publish","type":"page","link":"https:\/\/korijeni-pustare.divjak.com.hr\/?page_id=170","title":{"rendered":"MEDIJI o nama"},"content":{"rendered":"\n<div class=\"wp-block-query is-layout-flow wp-block-query-is-layout-flow\"><ul class=\"wp-block-post-template is-layout-flow wp-block-post-template-is-layout-flow\"><li class=\"wp-block-post post-352 post type-post status-publish format-standard has-post-thumbnail hentry category-iz-medija-o-nama tag-9 tag-branko-vadlja tag-glas-slavonije tag-ivan-kastel tag-opcina-antunovac tag-opcinske-povelje\">\n\n<div class=\"wp-block-columns alignwide is-layout-flex wp-container-core-columns-is-layout-28f84493 wp-block-columns-is-layout-flex\">\n<div class=\"wp-block-column is-layout-flow wp-block-column-is-layout-flow\" style=\"flex-basis:50%\"><figure style=\"aspect-ratio:16\/9;\" class=\"wp-block-post-featured-image\"><a href=\"https:\/\/korijeni-pustare.divjak.com.hr\/?p=352\" target=\"_self\"  ><img loading=\"lazy\" decoding=\"async\" width=\"864\" height=\"432\" src=\"https:\/\/korijeni-pustare.divjak.com.hr\/wp-content\/uploads\/2024\/12\/2024-12-23-opcinske-povelje.jpg\" class=\"has-border-color wp-post-image\" alt=\"GLAS SLAVONIJE &#8211; OP\u0106INSKE POVELJE\" style=\"border-color:#000;border-radius:10px;border-width:1px;width:100%;height:100%;object-fit:cover;\" srcset=\"https:\/\/korijeni-pustare.divjak.com.hr\/wp-content\/uploads\/2024\/12\/2024-12-23-opcinske-povelje.jpg 864w, https:\/\/korijeni-pustare.divjak.com.hr\/wp-content\/uploads\/2024\/12\/2024-12-23-opcinske-povelje-300x150.jpg 300w, https:\/\/korijeni-pustare.divjak.com.hr\/wp-content\/uploads\/2024\/12\/2024-12-23-opcinske-povelje-768x384.jpg 768w\" sizes=\"auto, (max-width: 864px) 100vw, 864px\" \/><\/a><\/figure><\/div>\n\n\n\n<div class=\"wp-block-column is-layout-flow wp-block-column-is-layout-flow\" style=\"flex-basis:50%\"><h2 class=\"wp-block-post-title\"><a href=\"https:\/\/korijeni-pustare.divjak.com.hr\/?p=352\" target=\"_self\" >GLAS SLAVONIJE &#8211; OP\u0106INSKE POVELJE<\/a><\/h2>\n\n\n<div class=\"wp-block-group is-nowrap is-layout-flex wp-container-core-group-is-layout-6c531013 wp-block-group-is-layout-flex\">\n<p>Datum objave: <\/p>\n\n\n<div class=\"wp-block-post-date\"><time datetime=\"2024-12-23T18:20:00+01:00\">2024-12-23<\/time><\/div><\/div>\n\n\n<div class=\"wp-block-post-excerpt\"><p class=\"wp-block-post-excerpt__excerpt\">OP\u0106INSKE POVELJE IVANU KASTELU I BRANKU VADLJI ZA DOPRINOSE U RAZVOJU OP\u0106INE ANTUNOVAC<\/p><p class=\"wp-block-post-excerpt__more-text\"><a class=\"wp-block-post-excerpt__more-link\" href=\"https:\/\/korijeni-pustare.divjak.com.hr\/?p=352\">Op\u0161irnije &#8230;<\/a><\/p><\/div><\/div>\n<\/div>\n\n<\/li><li class=\"wp-block-post post-173 post type-post status-publish format-standard has-post-thumbnail hentry category-iz-medija-o-nama tag-9 tag-pustaraski-cosak tag-slavonska-televizija tag-stv\">\n\n<div class=\"wp-block-columns alignwide is-layout-flex wp-container-core-columns-is-layout-28f84493 wp-block-columns-is-layout-flex\">\n<div class=\"wp-block-column is-layout-flow wp-block-column-is-layout-flow\" style=\"flex-basis:50%\"><figure style=\"aspect-ratio:16\/9;\" class=\"wp-block-post-featured-image\"><a href=\"https:\/\/korijeni-pustare.divjak.com.hr\/?p=173\" target=\"_self\"  ><img loading=\"lazy\" decoding=\"async\" width=\"1656\" height=\"941\" src=\"https:\/\/korijeni-pustare.divjak.com.hr\/wp-content\/uploads\/2024\/10\/2024-10-09-STV-capture.jpg\" class=\"has-border-color wp-post-image\" alt=\"STV &#8211; PUSTARA\u0160KI \u0106O\u0160AK\" style=\"border-color:#000;border-radius:10px;border-width:1px;width:100%;height:100%;object-fit:cover;\" srcset=\"https:\/\/korijeni-pustare.divjak.com.hr\/wp-content\/uploads\/2024\/10\/2024-10-09-STV-capture.jpg 1656w, https:\/\/korijeni-pustare.divjak.com.hr\/wp-content\/uploads\/2024\/10\/2024-10-09-STV-capture-300x170.jpg 300w, https:\/\/korijeni-pustare.divjak.com.hr\/wp-content\/uploads\/2024\/10\/2024-10-09-STV-capture-1024x582.jpg 1024w, https:\/\/korijeni-pustare.divjak.com.hr\/wp-content\/uploads\/2024\/10\/2024-10-09-STV-capture-768x436.jpg 768w, https:\/\/korijeni-pustare.divjak.com.hr\/wp-content\/uploads\/2024\/10\/2024-10-09-STV-capture-1536x873.jpg 1536w\" sizes=\"auto, (max-width: 1656px) 100vw, 1656px\" \/><\/a><\/figure><\/div>\n\n\n\n<div class=\"wp-block-column is-layout-flow wp-block-column-is-layout-flow\" style=\"flex-basis:50%\"><h2 class=\"wp-block-post-title\"><a href=\"https:\/\/korijeni-pustare.divjak.com.hr\/?p=173\" target=\"_self\" >STV &#8211; PUSTARA\u0160KI \u0106O\u0160AK<\/a><\/h2>\n\n\n<div class=\"wp-block-group is-nowrap is-layout-flex wp-container-core-group-is-layout-6c531013 wp-block-group-is-layout-flex\">\n<p>Datum objave: <\/p>\n\n\n<div class=\"wp-block-post-date\"><time datetime=\"2024-10-09T09:46:34+02:00\">2024-10-09<\/time><\/div><\/div>\n\n\n<div class=\"wp-block-post-excerpt\"><p class=\"wp-block-post-excerpt__excerpt\">&#8220;Pustara\u0161ki \u0107o\u0161ak&#8221; u Antunovcu spa\u0161ava pustare od zaborava, a bit \u0107e i turisti\u010dki mamac.<\/p><p class=\"wp-block-post-excerpt__more-text\"><a class=\"wp-block-post-excerpt__more-link\" href=\"https:\/\/korijeni-pustare.divjak.com.hr\/?p=173\">Op\u0161irnije &#8230;<\/a><\/p><\/div><\/div>\n<\/div>\n\n<\/li><li class=\"wp-block-post post-197 post type-post status-publish format-standard has-post-thumbnail hentry category-iz-medija-o-nama tag-9 tag-osjecki-hr tag-pustaraski-cosak\">\n\n<div class=\"wp-block-columns alignwide is-layout-flex wp-container-core-columns-is-layout-28f84493 wp-block-columns-is-layout-flex\">\n<div class=\"wp-block-column is-layout-flow wp-block-column-is-layout-flow\" style=\"flex-basis:50%\"><figure style=\"aspect-ratio:16\/9;\" class=\"wp-block-post-featured-image\"><a href=\"https:\/\/korijeni-pustare.divjak.com.hr\/?p=197\" target=\"_self\"  ><img loading=\"lazy\" decoding=\"async\" width=\"603\" height=\"269\" src=\"https:\/\/korijeni-pustare.divjak.com.hr\/wp-content\/uploads\/2024\/06\/2024-06-11-Osjecki-hr-capture2.jpg\" class=\"has-border-color wp-post-image\" alt=\"OSJE\u010cKI.HR &#8211; PUSTARA\u0160KI \u0106O\u0160AK\" style=\"border-color:#000;border-radius:10px;border-width:1px;width:100%;height:100%;object-fit:cover;\" srcset=\"https:\/\/korijeni-pustare.divjak.com.hr\/wp-content\/uploads\/2024\/06\/2024-06-11-Osjecki-hr-capture2.jpg 603w, https:\/\/korijeni-pustare.divjak.com.hr\/wp-content\/uploads\/2024\/06\/2024-06-11-Osjecki-hr-capture2-300x134.jpg 300w\" sizes=\"auto, (max-width: 603px) 100vw, 603px\" \/><\/a><\/figure><\/div>\n\n\n\n<div class=\"wp-block-column is-layout-flow wp-block-column-is-layout-flow\" style=\"flex-basis:50%\"><h2 class=\"wp-block-post-title\"><a href=\"https:\/\/korijeni-pustare.divjak.com.hr\/?p=197\" target=\"_self\" >OSJE\u010cKI.HR &#8211; PUSTARA\u0160KI \u0106O\u0160AK<\/a><\/h2>\n\n\n<div class=\"wp-block-group is-nowrap is-layout-flex wp-container-core-group-is-layout-6c531013 wp-block-group-is-layout-flex\">\n<p>Datum objave: <\/p>\n\n\n<div class=\"wp-block-post-date\"><time datetime=\"2024-06-11T10:42:15+02:00\">2024-06-11<\/time><\/div><\/div>\n\n\n<div class=\"wp-block-post-excerpt\"><p class=\"wp-block-post-excerpt__excerpt\">PUSTARA\u0160KI \u0106O\u0160AK U ANTUNOVCU &#8211; SVJEDOK VREMENA<\/p><p class=\"wp-block-post-excerpt__more-text\"><a class=\"wp-block-post-excerpt__more-link\" href=\"https:\/\/korijeni-pustare.divjak.com.hr\/?p=197\">Op\u0161irnije &#8230;<\/a><\/p><\/div><\/div>\n<\/div>\n\n<\/li><li class=\"wp-block-post post-320 post type-post status-publish format-standard has-post-thumbnail hentry category-iz-medija-o-nama tag-1-svjetski-rat tag-2-svjetski-rat tag-9 tag-branko-vadlja tag-domovinski-rat tag-pustara tag-pustare tag-stv tag-youtube\">\n\n<div class=\"wp-block-columns alignwide is-layout-flex wp-container-core-columns-is-layout-28f84493 wp-block-columns-is-layout-flex\">\n<div class=\"wp-block-column is-layout-flow wp-block-column-is-layout-flow\" style=\"flex-basis:50%\"><figure style=\"aspect-ratio:16\/9;\" class=\"wp-block-post-featured-image\"><a href=\"https:\/\/korijeni-pustare.divjak.com.hr\/?p=320\" target=\"_self\"  ><img loading=\"lazy\" decoding=\"async\" width=\"1745\" height=\"962\" src=\"https:\/\/korijeni-pustare.divjak.com.hr\/wp-content\/uploads\/2024\/12\/2024-NOVA-ERA-CAPTURE2.jpg\" class=\"has-border-color wp-post-image\" alt=\"STV &#8211; NOVA ERA\" style=\"border-color:#000;border-radius:10px;border-width:1px;width:100%;height:100%;object-fit:cover;\" srcset=\"https:\/\/korijeni-pustare.divjak.com.hr\/wp-content\/uploads\/2024\/12\/2024-NOVA-ERA-CAPTURE2.jpg 1745w, https:\/\/korijeni-pustare.divjak.com.hr\/wp-content\/uploads\/2024\/12\/2024-NOVA-ERA-CAPTURE2-300x165.jpg 300w, https:\/\/korijeni-pustare.divjak.com.hr\/wp-content\/uploads\/2024\/12\/2024-NOVA-ERA-CAPTURE2-1024x565.jpg 1024w, https:\/\/korijeni-pustare.divjak.com.hr\/wp-content\/uploads\/2024\/12\/2024-NOVA-ERA-CAPTURE2-768x423.jpg 768w, https:\/\/korijeni-pustare.divjak.com.hr\/wp-content\/uploads\/2024\/12\/2024-NOVA-ERA-CAPTURE2-1536x847.jpg 1536w\" sizes=\"auto, (max-width: 1745px) 100vw, 1745px\" \/><\/a><\/figure><\/div>\n\n\n\n<div class=\"wp-block-column is-layout-flow wp-block-column-is-layout-flow\" style=\"flex-basis:50%\"><h2 class=\"wp-block-post-title\"><a href=\"https:\/\/korijeni-pustare.divjak.com.hr\/?p=320\" target=\"_self\" >STV &#8211; NOVA ERA<\/a><\/h2>\n\n\n<div class=\"wp-block-group is-nowrap is-layout-flex wp-container-core-group-is-layout-6c531013 wp-block-group-is-layout-flex\">\n<p>Datum objave: <\/p>\n\n\n<div class=\"wp-block-post-date\"><time datetime=\"2024-06-06T21:59:00+02:00\">2024-06-06<\/time><\/div><\/div>\n\n\n<div class=\"wp-block-post-excerpt\"><p class=\"wp-block-post-excerpt__excerpt\">Vadlja: Sudbine pustara\u0161a kroz 1., 2. Svjetski rat i Domovinski slijede isti uzorak<\/p><p class=\"wp-block-post-excerpt__more-text\"><a class=\"wp-block-post-excerpt__more-link\" href=\"https:\/\/korijeni-pustare.divjak.com.hr\/?p=320\">Op\u0161irnije &#8230;<\/a><\/p><\/div><\/div>\n<\/div>\n\n<\/li><li class=\"wp-block-post post-261 post type-post status-publish format-standard has-post-thumbnail hentry category-iz-medija-o-nama tag-9 tag-crna-svinja tag-fajferica tag-osjecki-hr\">\n\n<div class=\"wp-block-columns alignwide is-layout-flex wp-container-core-columns-is-layout-28f84493 wp-block-columns-is-layout-flex\">\n<div class=\"wp-block-column is-layout-flow wp-block-column-is-layout-flow\" style=\"flex-basis:50%\"><figure style=\"aspect-ratio:16\/9;\" class=\"wp-block-post-featured-image\"><a href=\"https:\/\/korijeni-pustare.divjak.com.hr\/?p=261\" target=\"_self\"  ><img loading=\"lazy\" decoding=\"async\" width=\"683\" height=\"350\" src=\"https:\/\/korijeni-pustare.divjak.com.hr\/wp-content\/uploads\/2024\/12\/2024-01-19-Osjecki-hr-capture.jpg\" class=\"has-border-color wp-post-image\" alt=\"OSJE\u010cKI.HR &#8211; O CRNOJ SLAVONSKOJ SVINJI STRU\u010cNO I S LJUBAVLJU\" style=\"border-color:#000;border-radius:10px;border-width:1px;width:100%;height:100%;object-fit:cover;\" srcset=\"https:\/\/korijeni-pustare.divjak.com.hr\/wp-content\/uploads\/2024\/12\/2024-01-19-Osjecki-hr-capture.jpg 683w, https:\/\/korijeni-pustare.divjak.com.hr\/wp-content\/uploads\/2024\/12\/2024-01-19-Osjecki-hr-capture-300x154.jpg 300w\" sizes=\"auto, (max-width: 683px) 100vw, 683px\" \/><\/a><\/figure><\/div>\n\n\n\n<div class=\"wp-block-column is-layout-flow wp-block-column-is-layout-flow\" style=\"flex-basis:50%\"><h2 class=\"wp-block-post-title\"><a href=\"https:\/\/korijeni-pustare.divjak.com.hr\/?p=261\" target=\"_self\" >OSJE\u010cKI.HR &#8211; O CRNOJ SLAVONSKOJ SVINJI STRU\u010cNO I S LJUBAVLJU<\/a><\/h2>\n\n\n<div class=\"wp-block-group is-nowrap is-layout-flex wp-container-core-group-is-layout-6c531013 wp-block-group-is-layout-flex\">\n<p>Datum objave: <\/p>\n\n\n<div class=\"wp-block-post-date\"><time datetime=\"2024-01-19T19:06:19+01:00\">2024-01-19<\/time><\/div><\/div>\n\n\n<div class=\"wp-block-post-excerpt\"><p class=\"wp-block-post-excerpt__excerpt\">o Fajferici &#8211; crnoj slavonskoj svinji<\/p><p class=\"wp-block-post-excerpt__more-text\"><a class=\"wp-block-post-excerpt__more-link\" href=\"https:\/\/korijeni-pustare.divjak.com.hr\/?p=261\">Op\u0161irnije &#8230;<\/a><\/p><\/div><\/div>\n<\/div>\n\n<\/li><li class=\"wp-block-post post-288 post type-post status-publish format-standard has-post-thumbnail hentry category-biciklijade category-iz-medija-o-nama tag-11 tag-biciklijada tag-osjecki-hr tag-tragom-pustara\">\n\n<div class=\"wp-block-columns alignwide is-layout-flex wp-container-core-columns-is-layout-28f84493 wp-block-columns-is-layout-flex\">\n<div class=\"wp-block-column is-layout-flow wp-block-column-is-layout-flow\" style=\"flex-basis:50%\"><figure style=\"aspect-ratio:16\/9;\" class=\"wp-block-post-featured-image\"><a href=\"https:\/\/korijeni-pustare.divjak.com.hr\/?p=288\" target=\"_self\"  ><img loading=\"lazy\" decoding=\"async\" width=\"744\" height=\"306\" src=\"https:\/\/korijeni-pustare.divjak.com.hr\/wp-content\/uploads\/2024\/12\/2024-04-18-Osjecki-hr-capture2.jpg\" class=\"has-border-color wp-post-image\" alt=\"OSJE\u010cKI.HR &#8211; TRAGOM PUSTARA &#8211; SA ZADNJICOM NA SICU I KOBASICOM U D\u017dEPU\" style=\"border-color:#000;border-radius:10px;border-width:1px;width:100%;height:100%;object-fit:cover;\" srcset=\"https:\/\/korijeni-pustare.divjak.com.hr\/wp-content\/uploads\/2024\/12\/2024-04-18-Osjecki-hr-capture2.jpg 744w, https:\/\/korijeni-pustare.divjak.com.hr\/wp-content\/uploads\/2024\/12\/2024-04-18-Osjecki-hr-capture2-300x123.jpg 300w\" sizes=\"auto, (max-width: 744px) 100vw, 744px\" \/><\/a><\/figure><\/div>\n\n\n\n<div class=\"wp-block-column is-layout-flow wp-block-column-is-layout-flow\" style=\"flex-basis:50%\"><h2 class=\"wp-block-post-title\"><a href=\"https:\/\/korijeni-pustare.divjak.com.hr\/?p=288\" target=\"_self\" >OSJE\u010cKI.HR &#8211; TRAGOM PUSTARA &#8211; SA ZADNJICOM NA SICU I KOBASICOM U D\u017dEPU<\/a><\/h2>\n\n\n<div class=\"wp-block-group is-nowrap is-layout-flex wp-container-core-group-is-layout-6c531013 wp-block-group-is-layout-flex\">\n<p>Datum objave: <\/p>\n\n\n<div class=\"wp-block-post-date\"><time datetime=\"2023-04-18T00:29:28+02:00\">2023-04-18<\/time><\/div><\/div>\n\n\n<div class=\"wp-block-post-excerpt\"><p class=\"wp-block-post-excerpt__excerpt\">Odr\u017eana je 9. ta biciklijada TRAGOM PUSTARA<\/p><p class=\"wp-block-post-excerpt__more-text\"><a class=\"wp-block-post-excerpt__more-link\" href=\"https:\/\/korijeni-pustare.divjak.com.hr\/?p=288\">Op\u0161irnije &#8230;<\/a><\/p><\/div><\/div>\n<\/div>\n\n<\/li><li class=\"wp-block-post post-284 post type-post status-publish format-standard has-post-thumbnail hentry category-iz-medija-o-nama tag-11 tag-osjecki-hr tag-predsjednica-udruge\">\n\n<div class=\"wp-block-columns alignwide is-layout-flex wp-container-core-columns-is-layout-28f84493 wp-block-columns-is-layout-flex\">\n<div class=\"wp-block-column is-layout-flow wp-block-column-is-layout-flow\" style=\"flex-basis:50%\"><figure style=\"aspect-ratio:16\/9;\" class=\"wp-block-post-featured-image\"><a href=\"https:\/\/korijeni-pustare.divjak.com.hr\/?p=284\" target=\"_self\"  ><img loading=\"lazy\" decoding=\"async\" width=\"527\" height=\"282\" src=\"https:\/\/korijeni-pustare.divjak.com.hr\/wp-content\/uploads\/2024\/12\/2024-02-02-Osjecki-hr-capture-2.jpg\" class=\"has-border-color wp-post-image\" alt=\"OSJE\u010cKI.HR &#8211; KRISTINA DELALI\u0106 VETENGL NOVA JE PREDSJEDNICA KORIJENA PUSTARE\" style=\"border-color:#000;border-radius:10px;border-width:1px;width:100%;height:100%;object-fit:cover;\" srcset=\"https:\/\/korijeni-pustare.divjak.com.hr\/wp-content\/uploads\/2024\/12\/2024-02-02-Osjecki-hr-capture-2.jpg 527w, https:\/\/korijeni-pustare.divjak.com.hr\/wp-content\/uploads\/2024\/12\/2024-02-02-Osjecki-hr-capture-2-300x161.jpg 300w\" sizes=\"auto, (max-width: 527px) 100vw, 527px\" \/><\/a><\/figure><\/div>\n\n\n\n<div class=\"wp-block-column is-layout-flow wp-block-column-is-layout-flow\" style=\"flex-basis:50%\"><h2 class=\"wp-block-post-title\"><a href=\"https:\/\/korijeni-pustare.divjak.com.hr\/?p=284\" target=\"_self\" >OSJE\u010cKI.HR &#8211; KRISTINA DELALI\u0106 VETENGL NOVA JE PREDSJEDNICA KORIJENA PUSTARE<\/a><\/h2>\n\n\n<div class=\"wp-block-group is-nowrap is-layout-flex wp-container-core-group-is-layout-6c531013 wp-block-group-is-layout-flex\">\n<p>Datum objave: <\/p>\n\n\n<div class=\"wp-block-post-date\"><time datetime=\"2023-02-02T23:18:40+01:00\">2023-02-02<\/time><\/div><\/div>\n\n\n<div class=\"wp-block-post-excerpt\"><p class=\"wp-block-post-excerpt__excerpt\">Udruga Korijeni pustare pripemaju izlo\u017ebu o pustara\u0161kim mecenama u MLU, a i izabrana je nova predsjednica Udruge.<\/p><p class=\"wp-block-post-excerpt__more-text\"><a class=\"wp-block-post-excerpt__more-link\" href=\"https:\/\/korijeni-pustare.divjak.com.hr\/?p=284\">Op\u0161irnije &#8230;<\/a><\/p><\/div><\/div>\n<\/div>\n\n<\/li><li class=\"wp-block-post post-348 post type-post status-publish format-standard has-post-thumbnail hentry category-iz-medija-o-nama tag-31 tag-branko-vadlja tag-ivan-kastel tag-otvoreni-studio tag-pustaraski-cosak tag-pustare tag-stv tag-youtube\">\n\n<div class=\"wp-block-columns alignwide is-layout-flex wp-container-core-columns-is-layout-28f84493 wp-block-columns-is-layout-flex\">\n<div class=\"wp-block-column is-layout-flow wp-block-column-is-layout-flow\" style=\"flex-basis:50%\"><figure style=\"aspect-ratio:16\/9;\" class=\"wp-block-post-featured-image\"><a href=\"https:\/\/korijeni-pustare.divjak.com.hr\/?p=348\" target=\"_self\"  ><img loading=\"lazy\" decoding=\"async\" width=\"638\" height=\"330\" src=\"https:\/\/korijeni-pustare.divjak.com.hr\/wp-content\/uploads\/2024\/12\/STV-otvoreni-studio.jpg\" class=\"has-border-color wp-post-image\" alt=\"STV &#8211; OTVORENI STUDIO\" style=\"border-color:#000;border-radius:10px;border-width:1px;width:100%;height:100%;object-fit:cover;\" srcset=\"https:\/\/korijeni-pustare.divjak.com.hr\/wp-content\/uploads\/2024\/12\/STV-otvoreni-studio.jpg 638w, https:\/\/korijeni-pustare.divjak.com.hr\/wp-content\/uploads\/2024\/12\/STV-otvoreni-studio-300x155.jpg 300w\" sizes=\"auto, (max-width: 638px) 100vw, 638px\" \/><\/a><\/figure><\/div>\n\n\n\n<div class=\"wp-block-column is-layout-flow wp-block-column-is-layout-flow\" style=\"flex-basis:50%\"><h2 class=\"wp-block-post-title\"><a href=\"https:\/\/korijeni-pustare.divjak.com.hr\/?p=348\" target=\"_self\" >STV &#8211; OTVORENI STUDIO<\/a><\/h2>\n\n\n<div class=\"wp-block-group is-nowrap is-layout-flex wp-container-core-group-is-layout-6c531013 wp-block-group-is-layout-flex\">\n<p>Datum objave: <\/p>\n\n\n<div class=\"wp-block-post-date\"><time datetime=\"2022-02-24T17:49:00+01:00\">2022-02-24<\/time><\/div><\/div>\n\n\n<div class=\"wp-block-post-excerpt\"><p class=\"wp-block-post-excerpt__excerpt\">&#8220;Pustara\u0161ki \u0107o\u0161ak\u201c kao \u010duvar pro\u0161lih vremena<\/p><p class=\"wp-block-post-excerpt__more-text\"><a class=\"wp-block-post-excerpt__more-link\" href=\"https:\/\/korijeni-pustare.divjak.com.hr\/?p=348\">Op\u0161irnije &#8230;<\/a><\/p><\/div><\/div>\n<\/div>\n\n<\/li><li class=\"wp-block-post post-343 post type-post status-publish format-standard has-post-thumbnail hentry category-iz-medija-o-nama tag-29 tag-grafiti tag-pustare tag-stv\">\n\n<div class=\"wp-block-columns alignwide is-layout-flex wp-container-core-columns-is-layout-28f84493 wp-block-columns-is-layout-flex\">\n<div class=\"wp-block-column is-layout-flow wp-block-column-is-layout-flow\" style=\"flex-basis:50%\"><figure style=\"aspect-ratio:16\/9;\" class=\"wp-block-post-featured-image\"><a href=\"https:\/\/korijeni-pustare.divjak.com.hr\/?p=343\" target=\"_self\"  ><img loading=\"lazy\" decoding=\"async\" width=\"543\" height=\"296\" src=\"https:\/\/korijeni-pustare.divjak.com.hr\/wp-content\/uploads\/2024\/12\/2021-11-13-STV-grafiti-Pustare.jpg\" class=\"has-border-color wp-post-image\" alt=\"STV &#8211; SIMBOL KRAJ SIMBOLA\" style=\"border-color:#000;border-radius:10px;border-width:1px;width:100%;height:100%;object-fit:cover;\" srcset=\"https:\/\/korijeni-pustare.divjak.com.hr\/wp-content\/uploads\/2024\/12\/2021-11-13-STV-grafiti-Pustare.jpg 543w, https:\/\/korijeni-pustare.divjak.com.hr\/wp-content\/uploads\/2024\/12\/2021-11-13-STV-grafiti-Pustare-300x164.jpg 300w\" sizes=\"auto, (max-width: 543px) 100vw, 543px\" \/><\/a><\/figure><\/div>\n\n\n\n<div class=\"wp-block-column is-layout-flow wp-block-column-is-layout-flow\" style=\"flex-basis:50%\"><h2 class=\"wp-block-post-title\"><a href=\"https:\/\/korijeni-pustare.divjak.com.hr\/?p=343\" target=\"_self\" >STV &#8211; SIMBOL KRAJ SIMBOLA<\/a><\/h2>\n\n\n<div class=\"wp-block-group is-nowrap is-layout-flex wp-container-core-group-is-layout-6c531013 wp-block-group-is-layout-flex\">\n<p>Datum objave: <\/p>\n\n\n<div class=\"wp-block-post-date\"><time datetime=\"2021-11-11T17:46:00+01:00\">2021-11-11<\/time><\/div><\/div>\n\n\n<div class=\"wp-block-post-excerpt\"><p class=\"wp-block-post-excerpt__excerpt\">Pustare osvanule uz grafit \u201eOsijek &#8211; nepokoreni grad\u201c<\/p><p class=\"wp-block-post-excerpt__more-text\"><a class=\"wp-block-post-excerpt__more-link\" href=\"https:\/\/korijeni-pustare.divjak.com.hr\/?p=343\">Op\u0161irnije &#8230;<\/a><\/p><\/div><\/div>\n<\/div>\n\n<\/li><\/ul><\/div>\n","protected":false},"excerpt":{"rendered":"","protected":false},"author":1,"featured_media":0,"parent":0,"menu_order":0,"comment_status":"closed","ping_status":"closed","template":"","meta":{"footnotes":""},"class_list":["post-170","page","type-page","status-publish","hentry"],"_links":{"self":[{"href":"https:\/\/korijeni-pustare.divjak.com.hr\/index.php?rest_route=\/wp\/v2\/pages\/170","targetHints":{"allow":["GET"]}}],"collection":[{"href":"https:\/\/korijeni-pustare.divjak.com.hr\/index.php?rest_route=\/wp\/v2\/pages"}],"about":[{"href":"https:\/\/korijeni-pustare.divjak.com.hr\/index.php?rest_route=\/wp\/v2\/types\/page"}],"author":[{"embeddable":true,"href":"https:\/\/korijeni-pustare.divjak.com.hr\/index.php?rest_route=\/wp\/v2\/users\/1"}],"replies":[{"embeddable":true,"href":"https:\/\/korijeni-pustare.divjak.com.hr\/index.php?rest_route=%2Fwp%2Fv2%2Fcomments&post=170"}],"version-history":[{"count":16,"href":"https:\/\/korijeni-pustare.divjak.com.hr\/index.php?rest_route=\/wp\/v2\/pages\/170\/revisions"}],"predecessor-version":[{"id":259,"href":"https:\/\/korijeni-pustare.divjak.com.hr\/index.php?rest_route=\/wp\/v2\/pages\/170\/revisions\/259"}],"wp:attachment":[{"href":"https:\/\/korijeni-pustare.divjak.com.hr\/index.php?rest_route=%2Fwp%2Fv2%2Fmedia&parent=170"}],"curies":[{"name":"wp","href":"https:\/\/api.w.org\/{rel}","templated":true}]}}